{"id":5423,"date":"2024-09-03T13:53:50","date_gmt":"2024-09-03T10:53:50","guid":{"rendered":"https:\/\/sopuacademy.com\/?page_id=5423"},"modified":"2024-09-03T13:53:53","modified_gmt":"2024-09-03T10:53:53","slug":"finnish-it-hesabinizi-kapatma","status":"publish","type":"page","link":"https:\/\/sopuacademy.com\/tr\/gizlilik-politikasi\/finnish-it-hesabinizi-kapatma\/","title":{"rendered":"Finnish It Hesab\u0131n\u0131z\u0131 Kapatma"},"content":{"rendered":"\n<h2 class=\"wp-block-heading\" style=\"font-size:26px;font-style:normal;font-weight:700;letter-spacing:0px\">Finnish It uygulamas\u0131nda hesab\u0131n\u0131z\u0131 kapatma ve verilerinizi silme<\/h2>\n\n\n\n<p class=\"has-awb-color-custom-16-color has-text-color has-link-color wp-elements-120ca68536a8cb8b4a210c312fec6f35 wp-block-paragraph\" style=\"font-size:20px\"><strong>Son g\u00fcncelleme: 15.01.2024<\/strong><\/p>\n\n\n\n<p class=\"wp-block-paragraph\">Sopu Academy Oy olarak gizlili\u011finize sayg\u0131 duyuyor ve g\u00fcveninizi korumaya kararl\u0131y\u0131z. Gizlilik standartlar\u0131m\u0131z ve platform gereksinimlerimiz uyar\u0131nca, bu b\u00f6l\u00fcmde Sopu App ve Finnishit kullan\u0131c\u0131lar\u0131n\u0131n hesaplar\u0131n\u0131 ve bunlarla ili\u015fkili verileri nas\u0131l silebilecekleri hakk\u0131nda bilgi verilmektedir.<\/p>\n\n\n\n<h3 class=\"wp-block-heading\" style=\"font-size:22px;font-style:normal;font-weight:700;letter-spacing:0px\">Hesab\u0131n\u0131z\u0131 Silme<\/h3>\n\n\n\n<p class=\"wp-block-paragraph\">Kullan\u0131c\u0131lar, hesaplar\u0131n\u0131n ve ilgili verilerin silinmesini do\u011frudan uygulamalar\u0131m\u0131z i\u00e7inden talep edebilirler. Hesab\u0131n\u0131z\u0131 silmek i\u00e7in l\u00fctfen a\u015fa\u011f\u0131daki ad\u0131mlar\u0131 izleyin:<\/p>\n\n\n\n<p class=\"wp-block-paragraph\">1.&nbsp;<strong>Finnish It<\/strong>&nbsp;uygulamas\u0131n\u0131 a\u00e7\u0131n.<br>2.\u2018<strong>Ayarlar<\/strong>\u2018 sayfas\u0131nagidin.<br>3.\u2018Hesab\u0131 Sil\u2019 d\u00fc\u011fmesine t\u0131klay\u0131n.<br>4.Hesapsilme i\u015flemine devam etmek istedi\u011finizi onaylay\u0131n.<\/p>\n\n\n\n<p class=\"wp-block-paragraph\">Silme i\u015flemini onaylad\u0131\u011f\u0131n\u0131zda, hesab\u0131n\u0131z ilgili t\u00fcm verilerle birlikte kal\u0131c\u0131 olarak silinecektir. L\u00fctfen bu i\u015flemin geri d\u00f6nd\u00fcr\u00fclemez oldu\u011funu unutmay\u0131n.<\/p>\n\n\n\n<h3 class=\"wp-block-heading\" style=\"font-size:22px;font-style:normal;font-weight:700;letter-spacing:0px\">Veri Silme<\/h3>\n\n\n\n<p class=\"wp-block-paragraph\">Hesab\u0131n\u0131z\u0131n silinmesinin ard\u0131ndan, hesab\u0131n\u0131zla ili\u015fkili t\u00fcm ki\u015fisel veriler de sunucular\u0131m\u0131zdan silinecektir. Bu, profil bilgilerinizi, kullan\u0131m verilerinizi ve uygulama i\u00e7inde olu\u015fturdu\u011funuz her t\u00fcrl\u00fc i\u00e7eri\u011fi i\u00e7erir, ancak bunlarla s\u0131n\u0131rl\u0131 de\u011fildir.<\/p>\n\n\n\n<h3 class=\"wp-block-heading\" style=\"font-size:22px;font-style:normal;font-weight:700;letter-spacing:0px\">Veri Saklama<\/h3>\n\n\n\n<p class=\"wp-block-paragraph\">Yasal veya d\u00fczenleyici gereklilikler nedeniyle baz\u0131 veri t\u00fcrlerinin belirli bir s\u00fcre boyunca saklanabilece\u011fini l\u00fctfen unutmay\u0131n. Bu veriler kimliksizle\u015ftirilecek ve herhangi bir bireysel kullan\u0131c\u0131yla ili\u015fkilendirilmeyecektir.<\/p>\n\n\n\n<h3 class=\"wp-block-heading\" style=\"font-size:22px;font-style:normal;font-weight:700;letter-spacing:0px\">Bize Ula\u015f\u0131n<\/h3>\n\n\n\n<p class=\"wp-block-paragraph\">Bu Gizlilik Politikas\u0131 hakk\u0131nda sorular\u0131n\u0131z veya yorumlar\u0131n\u0131z varsa, l\u00fctfen bizimle \u015fu adresten ileti\u015fime ge\u00e7in: <strong><a href=\"mailto:info@sopuacademy.com\">info@sopuacademy.com<\/a><\/strong><\/p>\n","protected":false},"excerpt":{"rendered":"<p>Finnish It uygulamas\u0131nda hesab\u0131n\u0131z\u0131 kapatma ve verilerinizi silme Son g\u00fcncelleme: 15.01.2024 Sopu Academy Oy olarak gizlili\u011finize sayg\u0131 duyuyor ve g\u00fcveninizi korumaya kararl\u0131y\u0131z. Gizlilik standartlar\u0131m\u0131z ve platform gereksinimlerimiz uyar\u0131nca, bu b\u00f6l\u00fcmde Sopu App ve Finnishit kullan\u0131c\u0131lar\u0131n\u0131n hesaplar\u0131n\u0131 ve bunlarla ili\u015fkili verileri nas\u0131l silebilecekleri hakk\u0131nda bilgi verilmektedir. Hesab\u0131n\u0131z\u0131 Silme Kullan\u0131c\u0131lar, hesaplar\u0131n\u0131n ve ilgili verilerin silinmesini do\u011frudan uygulamalar\u0131m\u0131z i\u00e7inden talep edebilirler. Hesab\u0131n\u0131z\u0131 silmek i\u00e7in l\u00fctfen a\u015fa\u011f\u0131daki ad\u0131mlar\u0131 izleyin: 1.&nbsp;Finnish It&nbsp;uygulamas\u0131n\u0131 a\u00e7\u0131n.2.\u2018Ayarlar\u2018 sayfas\u0131nagidin.3.\u2018Hesab\u0131 Sil\u2019 d\u00fc\u011fmesine t\u0131klay\u0131n.4.Hesapsilme i\u015flemine devam etmek istedi\u011finizi onaylay\u0131n. Silme i\u015flemini onaylad\u0131\u011f\u0131n\u0131zda, hesab\u0131n\u0131z ilgili t\u00fcm verilerle birlikte kal\u0131c\u0131 olarak silinecektir. L\u00fctfen bu i\u015flemin geri d\u00f6nd\u00fcr\u00fclemez oldu\u011funu unutmay\u0131n. Veri Silme Hesab\u0131n\u0131z\u0131n silinmesinin ard\u0131ndan, hesab\u0131n\u0131zla <a href=\"https:\/\/sopuacademy.com\/tr\/gizlilik-politikasi\/finnish-it-hesabinizi-kapatma\/\"> [&#8230;]<\/a><\/p>\n","protected":false},"author":4,"featured_media":0,"parent":4499,"menu_order":0,"comment_status":"closed","ping_status":"closed","template":"","meta":{"nf_dc_page":"","_crdt_document":"","footnotes":""},"class_list":["post-5423","page","type-page","status-publish","hentry"],"yoast_head":"<!-- This site is optimized with the Yoast SEO plugin v27.4 - https:\/\/yoast.com\/product\/yoast-seo-wordpress\/ -->\n<title>Finnish It Hesab\u0131n\u0131z\u0131 Kapatma<\/title>\n<meta name=\"robots\" content=\"index, follow, max-snippet:-1, max-image-preview:large, max-video-preview:-1\" \/>\n<link rel=\"canonical\" href=\"https:\/\/sopuacademy.com\/tr\/gizlilik-politikasi\/finnish-it-hesabinizi-kapatma\/\" \/>\n<meta property=\"og:locale\" content=\"tr_TR\" \/>\n<meta property=\"og:type\" content=\"article\" \/>\n<meta property=\"og:title\" content=\"Finnish It Hesab\u0131n\u0131z\u0131 Kapatma\" \/>\n<meta property=\"og:description\" content=\"Finnish It uygulamas\u0131nda hesab\u0131n\u0131z\u0131 kapatma ve verilerinizi silme Son g\u00fcncelleme: 15.01.2024 Sopu Academy Oy olarak gizlili\u011finize sayg\u0131 duyuyor ve g\u00fcveninizi korumaya kararl\u0131y\u0131z. Gizlilik standartlar\u0131m\u0131z ve platform gereksinimlerimiz uyar\u0131nca, bu b\u00f6l\u00fcmde Sopu App ve Finnishit kullan\u0131c\u0131lar\u0131n\u0131n hesaplar\u0131n\u0131 ve bunlarla ili\u015fkili verileri nas\u0131l silebilecekleri hakk\u0131nda bilgi verilmektedir. Hesab\u0131n\u0131z\u0131 Silme Kullan\u0131c\u0131lar, hesaplar\u0131n\u0131n ve ilgili verilerin silinmesini do\u011frudan uygulamalar\u0131m\u0131z i\u00e7inden talep edebilirler. Hesab\u0131n\u0131z\u0131 silmek i\u00e7in l\u00fctfen a\u015fa\u011f\u0131daki ad\u0131mlar\u0131 izleyin: 1.&nbsp;Finnish It&nbsp;uygulamas\u0131n\u0131 a\u00e7\u0131n.2.\u2018Ayarlar\u2018 sayfas\u0131nagidin.3.\u2018Hesab\u0131 Sil\u2019 d\u00fc\u011fmesine t\u0131klay\u0131n.4.Hesapsilme i\u015flemine devam etmek istedi\u011finizi onaylay\u0131n. Silme i\u015flemini onaylad\u0131\u011f\u0131n\u0131zda, hesab\u0131n\u0131z ilgili t\u00fcm verilerle birlikte kal\u0131c\u0131 olarak silinecektir. L\u00fctfen bu i\u015flemin geri d\u00f6nd\u00fcr\u00fclemez oldu\u011funu unutmay\u0131n. Veri Silme Hesab\u0131n\u0131z\u0131n silinmesinin ard\u0131ndan, hesab\u0131n\u0131zla [...]\" \/>\n<meta property=\"og:url\" content=\"https:\/\/sopuacademy.com\/tr\/gizlilik-politikasi\/finnish-it-hesabinizi-kapatma\/\" \/>\n<meta property=\"og:site_name\" content=\"Sopu Academy\" \/>\n<meta property=\"article:publisher\" content=\"https:\/\/www.facebook.com\/sopuacademy\" \/>\n<meta property=\"article:modified_time\" content=\"2024-09-03T10:53:53+00:00\" \/>\n<meta property=\"og:image\" content=\"https:\/\/i0.wp.com\/sopuacademy.com\/wp-content\/uploads\/2024\/10\/pexels-fauxels-3183197-2-jpg.webp?fit=1280%2C854&ssl=1\" \/>\n\t<meta property=\"og:image:width\" content=\"1280\" \/>\n\t<meta property=\"og:image:height\" content=\"854\" \/>\n\t<meta property=\"og:image:type\" content=\"image\/jpeg\" \/>\n<meta name=\"twitter:card\" content=\"summary_large_image\" \/>\n<meta name=\"twitter:site\" content=\"@sopuacademy\" \/>\n<script type=\"application\/ld+json\" class=\"yoast-schema-graph\">{\"@context\":\"https:\\\/\\\/schema.org\",\"@graph\":[{\"@type\":\"WebPage\",\"@id\":\"https:\\\/\\\/sopuacademy.com\\\/tr\\\/gizlilik-politikasi\\\/finnish-it-hesabinizi-kapatma\\\/\",\"url\":\"https:\\\/\\\/sopuacademy.com\\\/tr\\\/gizlilik-politikasi\\\/finnish-it-hesabinizi-kapatma\\\/\",\"name\":\"Finnish It Hesab\u0131n\u0131z\u0131 Kapatma\",\"isPartOf\":{\"@id\":\"https:\\\/\\\/sopuacademy.com\\\/tr\\\/#website\"},\"datePublished\":\"2024-09-03T10:53:50+00:00\",\"dateModified\":\"2024-09-03T10:53:53+00:00\",\"breadcrumb\":{\"@id\":\"https:\\\/\\\/sopuacademy.com\\\/tr\\\/gizlilik-politikasi\\\/finnish-it-hesabinizi-kapatma\\\/#breadcrumb\"},\"inLanguage\":\"tr\",\"potentialAction\":[{\"@type\":\"ReadAction\",\"target\":[\"https:\\\/\\\/sopuacademy.com\\\/tr\\\/gizlilik-politikasi\\\/finnish-it-hesabinizi-kapatma\\\/\"]}]},{\"@type\":\"BreadcrumbList\",\"@id\":\"https:\\\/\\\/sopuacademy.com\\\/tr\\\/gizlilik-politikasi\\\/finnish-it-hesabinizi-kapatma\\\/#breadcrumb\",\"itemListElement\":[{\"@type\":\"ListItem\",\"position\":1,\"name\":\"Gizlilik Politikas\u0131\",\"item\":\"https:\\\/\\\/sopuacademy.com\\\/tr\\\/gizlilik-politikasi\\\/\"},{\"@type\":\"ListItem\",\"position\":2,\"name\":\"Finnish It Hesab\u0131n\u0131z\u0131 Kapatma\"}]},{\"@type\":\"WebSite\",\"@id\":\"https:\\\/\\\/sopuacademy.com\\\/tr\\\/#website\",\"url\":\"https:\\\/\\\/sopuacademy.com\\\/tr\\\/\",\"name\":\"Sopu Academy\",\"description\":\"Negotiation courses for young people\",\"publisher\":{\"@id\":\"https:\\\/\\\/sopuacademy.com\\\/tr\\\/#organization\"},\"potentialAction\":[{\"@type\":\"SearchAction\",\"target\":{\"@type\":\"EntryPoint\",\"urlTemplate\":\"https:\\\/\\\/sopuacademy.com\\\/tr\\\/?s={search_term_string}\"},\"query-input\":{\"@type\":\"PropertyValueSpecification\",\"valueRequired\":true,\"valueName\":\"search_term_string\"}}],\"inLanguage\":\"tr\"},{\"@type\":\"Organization\",\"@id\":\"https:\\\/\\\/sopuacademy.com\\\/tr\\\/#organization\",\"name\":\"Sopu Academy\",\"url\":\"https:\\\/\\\/sopuacademy.com\\\/tr\\\/\",\"logo\":{\"@type\":\"ImageObject\",\"inLanguage\":\"tr\",\"@id\":\"https:\\\/\\\/sopuacademy.com\\\/tr\\\/#\\\/schema\\\/logo\\\/image\\\/\",\"url\":\"https:\\\/\\\/i0.wp.com\\\/sopuacademy.com\\\/wp-content\\\/uploads\\\/2024\\\/09\\\/sopu-academy-logo-black-2.png?fit=680%2C500&ssl=1\",\"contentUrl\":\"https:\\\/\\\/i0.wp.com\\\/sopuacademy.com\\\/wp-content\\\/uploads\\\/2024\\\/09\\\/sopu-academy-logo-black-2.png?fit=680%2C500&ssl=1\",\"width\":680,\"height\":500,\"caption\":\"Sopu Academy\"},\"image\":{\"@id\":\"https:\\\/\\\/sopuacademy.com\\\/tr\\\/#\\\/schema\\\/logo\\\/image\\\/\"},\"sameAs\":[\"https:\\\/\\\/www.facebook.com\\\/sopuacademy\",\"https:\\\/\\\/x.com\\\/sopuacademy\",\"https:\\\/\\\/www.instagram.com\\\/sopuacademy\"]}]}<\/script>\n<!-- \/ Yoast SEO plugin. -->","yoast_head_json":{"title":"Finnish It Hesab\u0131n\u0131z\u0131 Kapatma","robots":{"index":"index","follow":"follow","max-snippet":"max-snippet:-1","max-image-preview":"max-image-preview:large","max-video-preview":"max-video-preview:-1"},"canonical":"https:\/\/sopuacademy.com\/tr\/gizlilik-politikasi\/finnish-it-hesabinizi-kapatma\/","og_locale":"tr_TR","og_type":"article","og_title":"Finnish It Hesab\u0131n\u0131z\u0131 Kapatma","og_description":"Finnish It uygulamas\u0131nda hesab\u0131n\u0131z\u0131 kapatma ve verilerinizi silme Son g\u00fcncelleme: 15.01.2024 Sopu Academy Oy olarak gizlili\u011finize sayg\u0131 duyuyor ve g\u00fcveninizi korumaya kararl\u0131y\u0131z. Gizlilik standartlar\u0131m\u0131z ve platform gereksinimlerimiz uyar\u0131nca, bu b\u00f6l\u00fcmde Sopu App ve Finnishit kullan\u0131c\u0131lar\u0131n\u0131n hesaplar\u0131n\u0131 ve bunlarla ili\u015fkili verileri nas\u0131l silebilecekleri hakk\u0131nda bilgi verilmektedir. Hesab\u0131n\u0131z\u0131 Silme Kullan\u0131c\u0131lar, hesaplar\u0131n\u0131n ve ilgili verilerin silinmesini do\u011frudan uygulamalar\u0131m\u0131z i\u00e7inden talep edebilirler. Hesab\u0131n\u0131z\u0131 silmek i\u00e7in l\u00fctfen a\u015fa\u011f\u0131daki ad\u0131mlar\u0131 izleyin: 1.&nbsp;Finnish It&nbsp;uygulamas\u0131n\u0131 a\u00e7\u0131n.2.\u2018Ayarlar\u2018 sayfas\u0131nagidin.3.\u2018Hesab\u0131 Sil\u2019 d\u00fc\u011fmesine t\u0131klay\u0131n.4.Hesapsilme i\u015flemine devam etmek istedi\u011finizi onaylay\u0131n. Silme i\u015flemini onaylad\u0131\u011f\u0131n\u0131zda, hesab\u0131n\u0131z ilgili t\u00fcm verilerle birlikte kal\u0131c\u0131 olarak silinecektir. L\u00fctfen bu i\u015flemin geri d\u00f6nd\u00fcr\u00fclemez oldu\u011funu unutmay\u0131n. Veri Silme Hesab\u0131n\u0131z\u0131n silinmesinin ard\u0131ndan, hesab\u0131n\u0131zla [...]","og_url":"https:\/\/sopuacademy.com\/tr\/gizlilik-politikasi\/finnish-it-hesabinizi-kapatma\/","og_site_name":"Sopu Academy","article_publisher":"https:\/\/www.facebook.com\/sopuacademy","article_modified_time":"2024-09-03T10:53:53+00:00","og_image":[{"width":1280,"height":854,"url":"https:\/\/i0.wp.com\/sopuacademy.com\/wp-content\/uploads\/2024\/10\/pexels-fauxels-3183197-2-jpg.webp?fit=1280%2C854&ssl=1","type":"image\/jpeg"}],"twitter_card":"summary_large_image","twitter_site":"@sopuacademy","schema":{"@context":"https:\/\/schema.org","@graph":[{"@type":"WebPage","@id":"https:\/\/sopuacademy.com\/tr\/gizlilik-politikasi\/finnish-it-hesabinizi-kapatma\/","url":"https:\/\/sopuacademy.com\/tr\/gizlilik-politikasi\/finnish-it-hesabinizi-kapatma\/","name":"Finnish It Hesab\u0131n\u0131z\u0131 Kapatma","isPartOf":{"@id":"https:\/\/sopuacademy.com\/tr\/#website"},"datePublished":"2024-09-03T10:53:50+00:00","dateModified":"2024-09-03T10:53:53+00:00","breadcrumb":{"@id":"https:\/\/sopuacademy.com\/tr\/gizlilik-politikasi\/finnish-it-hesabinizi-kapatma\/#breadcrumb"},"inLanguage":"tr","potentialAction":[{"@type":"ReadAction","target":["https:\/\/sopuacademy.com\/tr\/gizlilik-politikasi\/finnish-it-hesabinizi-kapatma\/"]}]},{"@type":"BreadcrumbList","@id":"https:\/\/sopuacademy.com\/tr\/gizlilik-politikasi\/finnish-it-hesabinizi-kapatma\/#breadcrumb","itemListElement":[{"@type":"ListItem","position":1,"name":"Gizlilik Politikas\u0131","item":"https:\/\/sopuacademy.com\/tr\/gizlilik-politikasi\/"},{"@type":"ListItem","position":2,"name":"Finnish It Hesab\u0131n\u0131z\u0131 Kapatma"}]},{"@type":"WebSite","@id":"https:\/\/sopuacademy.com\/tr\/#website","url":"https:\/\/sopuacademy.com\/tr\/","name":"Sopu Academy","description":"Negotiation courses for young people","publisher":{"@id":"https:\/\/sopuacademy.com\/tr\/#organization"},"potentialAction":[{"@type":"SearchAction","target":{"@type":"EntryPoint","urlTemplate":"https:\/\/sopuacademy.com\/tr\/?s={search_term_string}"},"query-input":{"@type":"PropertyValueSpecification","valueRequired":true,"valueName":"search_term_string"}}],"inLanguage":"tr"},{"@type":"Organization","@id":"https:\/\/sopuacademy.com\/tr\/#organization","name":"Sopu Academy","url":"https:\/\/sopuacademy.com\/tr\/","logo":{"@type":"ImageObject","inLanguage":"tr","@id":"https:\/\/sopuacademy.com\/tr\/#\/schema\/logo\/image\/","url":"https:\/\/i0.wp.com\/sopuacademy.com\/wp-content\/uploads\/2024\/09\/sopu-academy-logo-black-2.png?fit=680%2C500&ssl=1","contentUrl":"https:\/\/i0.wp.com\/sopuacademy.com\/wp-content\/uploads\/2024\/09\/sopu-academy-logo-black-2.png?fit=680%2C500&ssl=1","width":680,"height":500,"caption":"Sopu Academy"},"image":{"@id":"https:\/\/sopuacademy.com\/tr\/#\/schema\/logo\/image\/"},"sameAs":["https:\/\/www.facebook.com\/sopuacademy","https:\/\/x.com\/sopuacademy","https:\/\/www.instagram.com\/sopuacademy"]}]}},"jetpack_sharing_enabled":true,"_links":{"self":[{"href":"https:\/\/sopuacademy.com\/tr\/wp-json\/wp\/v2\/pages\/5423","targetHints":{"allow":["GET"]}}],"collection":[{"href":"https:\/\/sopuacademy.com\/tr\/wp-json\/wp\/v2\/pages"}],"about":[{"href":"https:\/\/sopuacademy.com\/tr\/wp-json\/wp\/v2\/types\/page"}],"author":[{"embeddable":true,"href":"https:\/\/sopuacademy.com\/tr\/wp-json\/wp\/v2\/users\/4"}],"replies":[{"embeddable":true,"href":"https:\/\/sopuacademy.com\/tr\/wp-json\/wp\/v2\/comments?post=5423"}],"version-history":[{"count":1,"href":"https:\/\/sopuacademy.com\/tr\/wp-json\/wp\/v2\/pages\/5423\/revisions"}],"predecessor-version":[{"id":5424,"href":"https:\/\/sopuacademy.com\/tr\/wp-json\/wp\/v2\/pages\/5423\/revisions\/5424"}],"up":[{"embeddable":true,"href":"https:\/\/sopuacademy.com\/tr\/wp-json\/wp\/v2\/pages\/4499"}],"wp:attachment":[{"href":"https:\/\/sopuacademy.com\/tr\/wp-json\/wp\/v2\/media?parent=5423"}],"curies":[{"name":"wp","href":"https:\/\/api.w.org\/{rel}","templated":true}]}}