{"id":5205,"date":"2024-09-20T11:00:38","date_gmt":"2024-09-20T08:00:38","guid":{"rendered":"https:\/\/sopuacademy.com\/?page_id=5205"},"modified":"2024-10-22T13:35:48","modified_gmt":"2024-10-22T10:35:48","slug":"iletisim","status":"publish","type":"page","link":"https:\/\/sopuacademy.com\/tr\/iletisim\/","title":{"rendered":"\u0130leti\u015fim"},"content":{"rendered":"<p><div class=\"fusion-fullwidth fullwidth-box fusion-builder-row-1 fusion-flex-container fusion-parallax-none nonhundred-percent-fullwidth non-hundred-percent-height-scrolling\" style=\"--link_hover_color: var(--awb-color4);--link_color: var(--awb-color1);--awb-border-radius-top-left:0px;--awb-border-radius-top-right:0px;--awb-border-radius-bottom-right:0px;--awb-border-radius-bottom-left:0px;--awb-padding-top:180px;--awb-padding-right:100px;--awb-padding-bottom:100px;--awb-padding-left:100px;--awb-padding-top-small:120px;--awb-padding-right-small:40px;--awb-padding-bottom-small:40px;--awb-padding-left-small:40px;--awb-min-height:70vh;--awb-min-height-medium:30vh;--awb-min-height-small:40vh;--awb-background-image:linear-gradient(180deg, rgba(0,0,0,0.5) 0%,rgba(30,30,30,0.2) 100%),url(https:\/\/sopuacademy.com\/wp-content\/uploads\/2024\/09\/Sopu-Academy-Brand-image-scaled.webp);;--awb-background-size:cover;--awb-flex-wrap:wrap;\" data-preload-img=\"https:\/\/sopuacademy.com\/wp-content\/uploads\/2024\/09\/Sopu-Academy-Brand-image-scaled.webp\" ><div class=\"fusion-builder-row fusion-row fusion-flex-align-items-center fusion-flex-align-content-center fusion-flex-content-wrap\" style=\"max-width:1331.2px;margin-left: calc(-4% \/ 2 );margin-right: calc(-4% \/ 2 );\"><div class=\"fusion-layout-column fusion_builder_column fusion-builder-column-0 fusion_builder_column_3_5 3_5 fusion-flex-column\" style=\"--awb-bg-size:cover;--awb-width-large:60%;--awb-margin-top-large:10px;--awb-spacing-right-large:3.2%;--awb-margin-bottom-large:10px;--awb-spacing-left-large:3.2%;--awb-width-medium:100%;--awb-order-medium:0;--awb-spacing-right-medium:1.92%;--awb-spacing-left-medium:1.92%;--awb-width-small:100%;--awb-order-small:0;--awb-spacing-right-small:1.92%;--awb-spacing-left-small:1.92%;\"><div class=\"fusion-column-wrapper fusion-column-has-shadow fusion-flex-justify-content-center fusion-content-layout-column\"><div class=\"fusion-text fusion-text-1 fusion-text-no-margin\" style=\"--awb-content-alignment:left;--awb-font-size:20px;--awb-line-height:var(--awb-typography4-line-height);--awb-letter-spacing:var(--awb-typography4-letter-spacing);--awb-text-transform:var(--awb-typography4-text-transform);--awb-text-color:var(--awb-color1);--awb-margin-top:0px;--awb-margin-bottom:0px;--awb-text-font-family:&quot;Inter&quot;;--awb-text-font-style:normal;--awb-text-font-weight:500;\"><p>Programlarla ile ilgili sorular\u0131n\u0131z i\u00e7in buradan ileti\u015fime ge\u00e7ebilirsiniz.<\/p>\n<\/div><div class=\"fusion-title title fusion-title-1 fusion-sep-none fusion-title-text fusion-title-size-one\" style=\"--awb-text-color:var(--awb-color1);--awb-margin-bottom:0px;--awb-margin-top-small:10px;--awb-margin-right-small:0px;--awb-margin-bottom-small:20px;--awb-margin-left-small:0px;--awb-font-size:42px;\"><h1 class=\"fusion-title-heading title-heading-left fusion-responsive-typography-calculated\" style=\"font-family:&quot;Inter&quot;;font-style:normal;font-weight:800;margin:0;letter-spacing:2px;font-size:1em;--fontSize:42;line-height:1.15;\">\u0130leti\u015fim<\/h1><\/div><\/div><\/div><\/div><\/div><div class=\"fusion-fullwidth fullwidth-box fusion-builder-row-2 fusion-flex-container nonhundred-percent-fullwidth non-hundred-percent-height-scrolling\" style=\"--awb-background-position:left top;--awb-border-radius-top-left:0px;--awb-border-radius-top-right:0px;--awb-border-radius-bottom-right:0px;--awb-border-radius-bottom-left:0px;--awb-padding-top:100px;--awb-padding-right:100px;--awb-padding-bottom:100px;--awb-padding-left:100px;--awb-padding-top-small:40px;--awb-padding-right-small:40px;--awb-padding-bottom-small:40px;--awb-padding-left-small:40px;--awb-margin-top:0px;--awb-margin-bottom:0px;--awb-background-color:var(--awb-custom16);--awb-flex-wrap:wrap;\" ><div class=\"fusion-builder-row fusion-row fusion-flex-align-items-flex-start fusion-flex-content-wrap\" style=\"max-width:1331.2px;margin-left: calc(-4% \/ 2 );margin-right: calc(-4% \/ 2 );\"><div class=\"fusion-layout-column fusion_builder_column fusion-builder-column-1 fusion_builder_column_1_3 1_3 fusion-flex-column\" style=\"--awb-bg-blend:overlay;--awb-bg-size:cover;--awb-width-large:33.333333333333%;--awb-margin-top-large:10px;--awb-spacing-right-large:5.76%;--awb-margin-bottom-large:10px;--awb-spacing-left-large:5.76%;--awb-width-medium:33.333333333333%;--awb-spacing-right-medium:5.76%;--awb-spacing-left-medium:5.76%;--awb-width-small:100%;--awb-spacing-right-small:1.92%;--awb-spacing-left-small:1.92%;\"><div class=\"fusion-column-wrapper fusion-flex-justify-content-center fusion-content-layout-column\"><div class=\"fusion-title title fusion-title-2 fusion-sep-none fusion-title-text fusion-title-size-paragraph\" style=\"--awb-text-color:var(--awb-color1);--awb-margin-top:0px;--awb-margin-bottom:0px;--awb-margin-top-small:5px;--awb-margin-right-small:0px;--awb-margin-bottom-small:5px;--awb-margin-left-small:0px;--awb-font-size:24px;\"><p class=\"fusion-title-heading title-heading-left title-heading-tag fusion-responsive-typography-calculated\" style=\"font-family:&quot;Inter&quot;;font-style:normal;font-weight:700;margin:0;letter-spacing:1px;text-transform:capitalize;font-size:1em;--fontSize:24;line-height:1.2;\">Sopu Academy Oy<\/p><\/div><div class=\"fusion-text fusion-text-2 fusion-text-no-margin\" style=\"--awb-content-alignment:left;--awb-font-size:16px;--awb-line-height:1.4;--awb-text-transform:var(--awb-typography4-text-transform);--awb-text-color:var(--awb-color1);--awb-margin-top:10px;--awb-margin-right:0px;--awb-margin-bottom:0px;--awb-text-font-family:&quot;Inter&quot;;--awb-text-font-style:normal;--awb-text-font-weight:400;\"><p>Business ID: 3238016-7<\/p>\n<\/div><ul style=\"--awb-margin-top:10px;--awb-iconcolor:var(--awb-color1);--awb-textcolor:var(--awb-color1);--awb-line-height:27.2px;--awb-icon-width:27.2px;--awb-icon-height:27.2px;--awb-icon-margin:11.2px;--awb-content-margin:38.4px;\" class=\"fusion-checklist fusion-checklist-1 fusion-checklist-default type-icons\"><li class=\"fusion-li-item\" style=\"\"><span class=\"icon-wrapper circle-no\"><i class=\"fusion-li-icon fa-building fas\" aria-hidden=\"true\"><\/i><\/span><div class=\"fusion-li-item-content\">\n<p>Kalatorppa 1E 53 <br \/>02230 Espoo, Finland<\/p>\n<\/div><\/li><li class=\"fusion-li-item\" style=\"\"><span class=\"icon-wrapper circle-no\"><i class=\"fusion-li-icon fa-phone-alt fas\" aria-hidden=\"true\"><\/i><\/span><div class=\"fusion-li-item-content\">+358 41 757 8824<\/div><\/li><li class=\"fusion-li-item\" style=\"\"><span class=\"icon-wrapper circle-no\"><i class=\"fusion-li-icon fa-envelope fas\" aria-hidden=\"true\"><\/i><\/span><div class=\"fusion-li-item-content\">\n<p><span style=\"color: #ffffff;\"><a style=\"color: #ffffff;\" href=\"mailto:info@sopuacademy.com\">info@sopuacademy.com<\/a><\/span><\/p>\n<\/div><\/li><\/ul><\/div><\/div><div class=\"fusion-layout-column fusion_builder_column fusion-builder-column-2 fusion_builder_column_2_3 2_3 fusion-flex-column fusion-animated\" style=\"--awb-bg-size:cover;--awb-width-large:66.666666666667%;--awb-margin-top-large:10px;--awb-spacing-right-large:2.88%;--awb-margin-bottom-large:10px;--awb-spacing-left-large:2.88%;--awb-width-medium:100%;--awb-order-medium:0;--awb-spacing-right-medium:1.92%;--awb-spacing-left-medium:1.92%;--awb-width-small:100%;--awb-order-small:0;--awb-spacing-right-small:1.92%;--awb-spacing-left-small:1.92%;\" data-animationType=\"fadeInRight\" data-animationDuration=\"0.3\" data-animationOffset=\"top-into-view\"><div class=\"fusion-column-wrapper fusion-column-has-shadow fusion-flex-justify-content-flex-start fusion-content-layout-column\"><style>.fusion-form-form-wrapper .fusion-form-field .fusion-form-checkbox.option-inline {\r\n    margin-right: 0px;\r\n}<\/style><div class=\"fusion-form fusion-form-builder fusion-form-form-wrapper fusion-form-5136 has-icon-alignment\" style=\"--awb-tooltip-text-color:var(--awb-color1);--awb-tooltip-background-color:#333333;--awb-field-margin-top:0px;--awb-field-margin-bottom:10px;--awb-form-input-height:45px;--awb-form-bg-color:rgba(255,255,255,0);--awb-form-select-bg:var(--awb-color8);--awb-label-font-size:14px;--awb-form-font-size:14px;--awb-form-placeholder-color:var(--awb-color1);--awb-form-text-color:var(--awb-color1);--awb-form-label-color:var(--awb-color1);--awb-form-border-width-top:2px;--awb-form-border-width-bottom:2px;--awb-form-border-width-right:2px;--awb-form-border-width-left:2px;--awb-form-border-color:var(--awb-color1);--awb-form-focus-border-color:var(--awb-color1);--awb-form-focus-border-hover-color:hsla(var(--awb-color1-h),var(--awb-color1-s),var(--awb-color1-l),calc(var(--awb-color1-a) - 50%));--awb-form-border-radius:25px;--awb-icon-alignment-top:2px;--awb-icon-alignment-bottom:2px;--awb-icon-alignment-font-size:14px;\" data-form-id=\"5136\" data-config=\"{&quot;form_id&quot;:5136,&quot;form_post_id&quot;:5136,&quot;post_id&quot;:5205,&quot;form_type&quot;:&quot;ajax&quot;,&quot;confirmation_type&quot;:&quot;redirect&quot;,&quot;redirect_url&quot;:&quot;https:\\\/\\\/sopuacademy.com\\\/tr\\\/iletisim-formu-basariyla-gonderildi\\\/&quot;,&quot;redirect_timeout&quot;:&quot;0&quot;,&quot;field_labels&quot;:{&quot;Ad&quot;:&quot;&quot;,&quot;email&quot;:&quot;&quot;,&quot;telefon&quot;:&quot;&quot;,&quot;mesaj&quot;:&quot;&quot;,&quot;Gizlilik&quot;:&quot;&quot;},&quot;field_logics&quot;:{&quot;Ad&quot;:&quot;&quot;,&quot;email&quot;:&quot;&quot;,&quot;telefon&quot;:&quot;&quot;,&quot;mesaj&quot;:&quot;&quot;,&quot;Gizlilik&quot;:&quot;&quot;,&quot;submit_1&quot;:&quot;&quot;},&quot;field_types&quot;:{&quot;Ad&quot;:&quot;text&quot;,&quot;email&quot;:&quot;email&quot;,&quot;telefon&quot;:&quot;phone_number&quot;,&quot;mesaj&quot;:&quot;textarea&quot;,&quot;Gizlilik&quot;:&quot;consent&quot;,&quot;submit_1&quot;:&quot;submit&quot;,&quot;page&quot;:&quot;hidden&quot;},&quot;nonce_method&quot;:&quot;ajax&quot;,&quot;form_views&quot;:&quot;ajax&quot;,&quot;form_views_counting&quot;:&quot;all&quot;}\"><form action=\"https:\/\/sopuacademy.com\/tr\/iletisim\/\" method=\"post\" class=\"fusion-form fusion-form-5136\"><div class=\"fusion-fullwidth fullwidth-box fusion-builder-row-2-1 fusion-flex-container nonhundred-percent-fullwidth non-hundred-percent-height-scrolling\" style=\"--link_color: var(--awb-custom16);--awb-border-radius-top-left:0px;--awb-border-radius-top-right:0px;--awb-border-radius-bottom-right:0px;--awb-border-radius-bottom-left:0px;--awb-padding-top:0px;--awb-padding-right:0px;--awb-padding-bottom:0px;--awb-padding-left:0px;--awb-margin-top:0px;--awb-margin-bottom:0px;--awb-flex-wrap:wrap;\" ><div class=\"fusion-builder-row fusion-row fusion-flex-align-items-flex-start fusion-flex-content-wrap\" style=\"width:104% !important;max-width:104% !important;margin-left: calc(-4% \/ 2 );margin-right: calc(-4% \/ 2 );\"><div class=\"fusion-layout-column fusion_builder_column fusion-builder-column-3 fusion_builder_column_1_1 1_1 fusion-flex-column fusion-flex-align-self-flex-start\" style=\"--awb-bg-size:cover;--awb-width-large:100%;--awb-flex-grow:0;--awb-flex-shrink:0;--awb-margin-top-large:0px;--awb-spacing-right-large:1.92%;--awb-margin-bottom-large:0px;--awb-spacing-left-large:1.92%;--awb-width-medium:100%;--awb-order-medium:0;--awb-flex-grow-medium:0;--awb-flex-shrink-medium:0;--awb-spacing-right-medium:1.92%;--awb-spacing-left-medium:1.92%;--awb-width-small:100%;--awb-order-small:0;--awb-flex-grow-small:0;--awb-flex-shrink-small:0;--awb-spacing-right-small:1.92%;--awb-spacing-left-small:1.92%;\"><div class=\"fusion-column-wrapper fusion-column-has-shadow fusion-flex-justify-content-flex-start fusion-content-layout-column\"><div class=\"fusion-form-field fusion-form-text-field fusion-form-label-above\" style=\"\" data-form-id=\"5136\"><div class=\"fusion-form-input-with-icon\"><i class=\"awb-form-icon fa-user fas\"><\/i><input type=\"text\" autocomplete=\"off\" name=\"Ad\" id=\"Ad\" value=\"\"  class=\"fusion-form-input\" required=\"true\" aria-required=\"true\" placeholder=\"Ad Soyad *\" data-holds-private-data=\"false\" minlength=\"0\"\/><\/div><\/div><div class=\"fusion-form-field fusion-form-email-field fusion-form-label-above\" style=\"\" data-form-id=\"5136\"><div class=\"fusion-form-input-with-icon\"><i class=\"awb-form-icon fa-envelope fas\"><\/i><input type=\"email\" autocomplete=\"off\" name=\"email\" id=\"email\" value=\"\"  class=\"fusion-form-input\" required=\"true\" aria-required=\"true\" placeholder=\"E-posta *\" data-holds-private-data=\"false\"\/><\/div><\/div><div class=\"fusion-form-field fusion-form-phone-number-field fusion-form-label-above\" style=\"\" data-form-id=\"5136\"><div class=\"fusion-form-input-with-icon\"><i class=\"awb-form-icon fa-phone-alt fas\"><\/i><input type=\"tel\" autocomplete=\"off\" name=\"telefon\" id=\"telefon\" value=\"\"  class=\"fusion-form-input\" placeholder=\"Telefon numaras\u0131 \" data-holds-private-data=\"false\"\/><\/div><\/div><div class=\"fusion-form-field fusion-form-textarea-field fusion-form-label-above\" style=\"\" data-form-id=\"5136\"><div class=\"fusion-form-input-with-icon\"><i class=\" fa-feather fas\"><\/i><textarea cols=\"40\" autocomplete=\"off\"  minlength=\"0\"  rows=\"8\" tabindex=\"\" id=\"mesaj\" name=\"mesaj\" class=\"fusion-form-input\" required=\"true\" aria-required=\"true\" placeholder=\"Mesaj\u0131n\u0131z *\" data-holds-private-data=\"false\"><\/textarea><\/div><\/div><div class=\"fusion-form-field fusion-form-consent-field fusion-form-label-above\" style=\"\" data-form-id=\"5136\"><div class=\"fusion-form-checkbox option-inline\"><input tabindex=\"\" id=\"Gizlilik\" type=\"checkbox\" value=\"1\" name=\"Gizlilik\" class=\"fusion-form-input\" required=\"true\" aria-required=\"true\"\/><label for=\"Gizlilik\"><i>Mesaj atarak, verilerinizin <a href=\"https:\/\/sopuacademy.com\/tr\/gizlilik-politikasi\/\" target=\"_blank\" rel=\"noopener\"><b style=\"color: var(--awb-color1);\"><u>gizlilik politikam\u0131zda<\/u><\/b><\/a> a\u00e7\u0131kland\u0131\u011f\u0131 \u015fekilde kullan\u0131lmas\u0131n\u0131 kabul etmi\u015f olursunuz. \u0130stedi\u011finiz zaman ileti\u015fim almaktan vazge\u00e7ebilirsiniz.<\/i><\/label><\/div><\/div><div class=\"fusion-form-field fusion-form-submit-field fusion-form-label-above\" style=\"\" data-form-id=\"5136\"><div style=\"text-align:left;\"><button type=\"submit\" class=\"fusion-button button-flat fusion-button-default-size button-custom fusion-button-default button-1 fusion-button-span-yes  button-default form-form-submit\" style=\"--awb-margin-top:10px;--awb-margin-bottom:0px;--awb-padding-right:32px;--awb-padding-left:32px;--button_accent_color:var(--awb-custom16);--button_border_color:var(--awb-color1);--button_accent_hover_color:var(--awb-color1);--button_border_hover_color:var(--awb-color1);--button_border_width-top:2px;--button_border_width-right:2px;--button_border_width-bottom:2px;--button_border_width-left:2px;--button-border-radius-top-left:25px;--button-border-radius-top-right:25px;--button-border-radius-bottom-right:25px;--button-border-radius-bottom-left:25px;--button_gradient_top_color:var(--awb-color1);--button_gradient_bottom_color:var(--awb-color1);--button_gradient_top_color_hover:rgba(255,255,255,0);--button_gradient_bottom_color_hover:rgba(255,255,255,0);--button_text_transform:capitalize;--button_font_size:14px;--button_typography-letter-spacing:1px;--button_typography-font-family:&quot;Inter&quot;;--button_typography-font-style:normal;--button_typography-font-weight:600;\" data-hover=\"text_slide_down\" data-form-number=\"5136\" tabindex=\"\"><i class=\"fa-paper-plane fas awb-button__icon awb-button__icon--default button-icon-left\" aria-hidden=\"true\"><\/i><div class=\"awb-button-text-transition \"><span class=\"fusion-button-text awb-button__text awb-button__text--default\">mesaj g\u00f6nder<\/span><span class=\"fusion-button-text awb-button__text awb-button__text--default\">mesaj g\u00f6nder<\/span><\/div><\/button><\/div><\/div><div class=\"fusion-form-field fusion-form-hidden-field fusion-form-label-above\" style=\"\" data-form-id=\"5136\"><input type=\"hidden\" autocomplete=\"off\" name=\"page\" id=\"page\" value=\"Sayfa: \u0130leti\u015fim\"  class=\"fusion-form-input\" data-holds-private-data=\"false\"\/><\/div><\/div><\/div><\/div><\/div><input type=\"hidden\" name=\"fusion_privacy_expiration_interval\" value=\"48\"><input type=\"hidden\" name=\"privacy_expiration_action\" value=\"anonymize\"><\/form><\/div><\/div><\/div><\/div><\/div><\/p>\n","protected":false},"excerpt":{"rendered":"","protected":false},"author":4,"featured_media":0,"parent":0,"menu_order":0,"comment_status":"closed","ping_status":"closed","template":"100-width.php","meta":{"nf_dc_page":"","_crdt_document":"","footnotes":""},"class_list":["post-5205","page","type-page","status-publish","hentry"],"yoast_head":"<!-- This site is optimized with the Yoast SEO plugin v27.4 - https:\/\/yoast.com\/product\/yoast-seo-wordpress\/ -->\n<title>\u0130leti\u015fim<\/title>\n<meta name=\"robots\" content=\"index, follow, max-snippet:-1, max-image-preview:large, max-video-preview:-1\" \/>\n<link rel=\"canonical\" href=\"https:\/\/sopuacademy.com\/tr\/iletisim\/\" \/>\n<meta property=\"og:locale\" content=\"tr_TR\" \/>\n<meta property=\"og:type\" content=\"article\" \/>\n<meta property=\"og:title\" content=\"\u0130leti\u015fim\" \/>\n<meta property=\"og:url\" content=\"https:\/\/sopuacademy.com\/tr\/iletisim\/\" \/>\n<meta property=\"og:site_name\" content=\"Sopu Academy\" \/>\n<meta property=\"article:publisher\" content=\"https:\/\/www.facebook.com\/sopuacademy\" \/>\n<meta property=\"article:modified_time\" content=\"2024-10-22T10:35:48+00:00\" \/>\n<meta property=\"og:image\" content=\"https:\/\/i0.wp.com\/sopuacademy.com\/wp-content\/uploads\/2024\/10\/pexels-fauxels-3183197-2-jpg.webp?fit=1280%2C854&ssl=1\" \/>\n\t<meta property=\"og:image:width\" content=\"1280\" \/>\n\t<meta property=\"og:image:height\" content=\"854\" \/>\n\t<meta property=\"og:image:type\" content=\"image\/jpeg\" \/>\n<meta name=\"twitter:card\" content=\"summary_large_image\" \/>\n<meta name=\"twitter:site\" content=\"@sopuacademy\" \/>\n<script type=\"application\/ld+json\" class=\"yoast-schema-graph\">{\"@context\":\"https:\\\/\\\/schema.org\",\"@graph\":[{\"@type\":\"WebPage\",\"@id\":\"https:\\\/\\\/sopuacademy.com\\\/tr\\\/iletisim\\\/\",\"url\":\"https:\\\/\\\/sopuacademy.com\\\/tr\\\/iletisim\\\/\",\"name\":\"\u0130leti\u015fim\",\"isPartOf\":{\"@id\":\"https:\\\/\\\/sopuacademy.com\\\/tr\\\/#website\"},\"datePublished\":\"2024-09-20T08:00:38+00:00\",\"dateModified\":\"2024-10-22T10:35:48+00:00\",\"inLanguage\":\"tr\",\"potentialAction\":[{\"@type\":\"ReadAction\",\"target\":[\"https:\\\/\\\/sopuacademy.com\\\/tr\\\/iletisim\\\/\"]}]},{\"@type\":\"WebSite\",\"@id\":\"https:\\\/\\\/sopuacademy.com\\\/tr\\\/#website\",\"url\":\"https:\\\/\\\/sopuacademy.com\\\/tr\\\/\",\"name\":\"Sopu Academy\",\"description\":\"Negotiation courses for young people\",\"publisher\":{\"@id\":\"https:\\\/\\\/sopuacademy.com\\\/tr\\\/#organization\"},\"potentialAction\":[{\"@type\":\"SearchAction\",\"target\":{\"@type\":\"EntryPoint\",\"urlTemplate\":\"https:\\\/\\\/sopuacademy.com\\\/tr\\\/?s={search_term_string}\"},\"query-input\":{\"@type\":\"PropertyValueSpecification\",\"valueRequired\":true,\"valueName\":\"search_term_string\"}}],\"inLanguage\":\"tr\"},{\"@type\":\"Organization\",\"@id\":\"https:\\\/\\\/sopuacademy.com\\\/tr\\\/#organization\",\"name\":\"Sopu Academy\",\"url\":\"https:\\\/\\\/sopuacademy.com\\\/tr\\\/\",\"logo\":{\"@type\":\"ImageObject\",\"inLanguage\":\"tr\",\"@id\":\"https:\\\/\\\/sopuacademy.com\\\/tr\\\/#\\\/schema\\\/logo\\\/image\\\/\",\"url\":\"https:\\\/\\\/i0.wp.com\\\/sopuacademy.com\\\/wp-content\\\/uploads\\\/2024\\\/09\\\/sopu-academy-logo-black-2.png?fit=680%2C500&ssl=1\",\"contentUrl\":\"https:\\\/\\\/i0.wp.com\\\/sopuacademy.com\\\/wp-content\\\/uploads\\\/2024\\\/09\\\/sopu-academy-logo-black-2.png?fit=680%2C500&ssl=1\",\"width\":680,\"height\":500,\"caption\":\"Sopu Academy\"},\"image\":{\"@id\":\"https:\\\/\\\/sopuacademy.com\\\/tr\\\/#\\\/schema\\\/logo\\\/image\\\/\"},\"sameAs\":[\"https:\\\/\\\/www.facebook.com\\\/sopuacademy\",\"https:\\\/\\\/x.com\\\/sopuacademy\",\"https:\\\/\\\/www.instagram.com\\\/sopuacademy\"]}]}<\/script>\n<!-- \/ Yoast SEO plugin. -->","yoast_head_json":{"title":"\u0130leti\u015fim","robots":{"index":"index","follow":"follow","max-snippet":"max-snippet:-1","max-image-preview":"max-image-preview:large","max-video-preview":"max-video-preview:-1"},"canonical":"https:\/\/sopuacademy.com\/tr\/iletisim\/","og_locale":"tr_TR","og_type":"article","og_title":"\u0130leti\u015fim","og_url":"https:\/\/sopuacademy.com\/tr\/iletisim\/","og_site_name":"Sopu Academy","article_publisher":"https:\/\/www.facebook.com\/sopuacademy","article_modified_time":"2024-10-22T10:35:48+00:00","og_image":[{"width":1280,"height":854,"url":"https:\/\/i0.wp.com\/sopuacademy.com\/wp-content\/uploads\/2024\/10\/pexels-fauxels-3183197-2-jpg.webp?fit=1280%2C854&ssl=1","type":"image\/jpeg"}],"twitter_card":"summary_large_image","twitter_site":"@sopuacademy","schema":{"@context":"https:\/\/schema.org","@graph":[{"@type":"WebPage","@id":"https:\/\/sopuacademy.com\/tr\/iletisim\/","url":"https:\/\/sopuacademy.com\/tr\/iletisim\/","name":"\u0130leti\u015fim","isPartOf":{"@id":"https:\/\/sopuacademy.com\/tr\/#website"},"datePublished":"2024-09-20T08:00:38+00:00","dateModified":"2024-10-22T10:35:48+00:00","inLanguage":"tr","potentialAction":[{"@type":"ReadAction","target":["https:\/\/sopuacademy.com\/tr\/iletisim\/"]}]},{"@type":"WebSite","@id":"https:\/\/sopuacademy.com\/tr\/#website","url":"https:\/\/sopuacademy.com\/tr\/","name":"Sopu Academy","description":"Negotiation courses for young people","publisher":{"@id":"https:\/\/sopuacademy.com\/tr\/#organization"},"potentialAction":[{"@type":"SearchAction","target":{"@type":"EntryPoint","urlTemplate":"https:\/\/sopuacademy.com\/tr\/?s={search_term_string}"},"query-input":{"@type":"PropertyValueSpecification","valueRequired":true,"valueName":"search_term_string"}}],"inLanguage":"tr"},{"@type":"Organization","@id":"https:\/\/sopuacademy.com\/tr\/#organization","name":"Sopu Academy","url":"https:\/\/sopuacademy.com\/tr\/","logo":{"@type":"ImageObject","inLanguage":"tr","@id":"https:\/\/sopuacademy.com\/tr\/#\/schema\/logo\/image\/","url":"https:\/\/i0.wp.com\/sopuacademy.com\/wp-content\/uploads\/2024\/09\/sopu-academy-logo-black-2.png?fit=680%2C500&ssl=1","contentUrl":"https:\/\/i0.wp.com\/sopuacademy.com\/wp-content\/uploads\/2024\/09\/sopu-academy-logo-black-2.png?fit=680%2C500&ssl=1","width":680,"height":500,"caption":"Sopu Academy"},"image":{"@id":"https:\/\/sopuacademy.com\/tr\/#\/schema\/logo\/image\/"},"sameAs":["https:\/\/www.facebook.com\/sopuacademy","https:\/\/x.com\/sopuacademy","https:\/\/www.instagram.com\/sopuacademy"]}]}},"jetpack_sharing_enabled":true,"_links":{"self":[{"href":"https:\/\/sopuacademy.com\/tr\/wp-json\/wp\/v2\/pages\/5205","targetHints":{"allow":["GET"]}}],"collection":[{"href":"https:\/\/sopuacademy.com\/tr\/wp-json\/wp\/v2\/pages"}],"about":[{"href":"https:\/\/sopuacademy.com\/tr\/wp-json\/wp\/v2\/types\/page"}],"author":[{"embeddable":true,"href":"https:\/\/sopuacademy.com\/tr\/wp-json\/wp\/v2\/users\/4"}],"replies":[{"embeddable":true,"href":"https:\/\/sopuacademy.com\/tr\/wp-json\/wp\/v2\/comments?post=5205"}],"version-history":[{"count":5,"href":"https:\/\/sopuacademy.com\/tr\/wp-json\/wp\/v2\/pages\/5205\/revisions"}],"predecessor-version":[{"id":10035,"href":"https:\/\/sopuacademy.com\/tr\/wp-json\/wp\/v2\/pages\/5205\/revisions\/10035"}],"wp:attachment":[{"href":"https:\/\/sopuacademy.com\/tr\/wp-json\/wp\/v2\/media?parent=5205"}],"curies":[{"name":"wp","href":"https:\/\/api.w.org\/{rel}","templated":true}]}}